{"id":27,"date":"2014-09-06T08:53:32","date_gmt":"2014-09-06T08:53:32","guid":{"rendered":"http:\/\/bigbandgarros.fr\/?page_id=27"},"modified":"2014-09-08T20:44:49","modified_gmt":"2014-09-08T20:44:49","slug":"la-naissance","status":"publish","type":"page","link":"http:\/\/bigbandgarros.fr\/?page_id=27","title":{"rendered":"La naissance!"},"content":{"rendered":"<hr \/>\n<p>\u00a0\u00a0\u00a0\u00a0 C\u2019est en 1978 que, d\u00e9crochant son plus beau t\u00e9l\u00e9phone, Christian Garros donna vie au Big Band qui porte aujourd\u2019hui son nom\u2026<\/p>\n<p><a href=\"http:\/\/bigbandgarros.fr\/wp-content\/uploads\/2014\/09\/Christian-Garros-chronologie-56.jpg\"><img loading=\"lazy\" decoding=\"async\" class=\"wp-image-34 aligncenter\" src=\"http:\/\/bigbandgarros.fr\/wp-content\/uploads\/2014\/09\/Christian-Garros-chronologie-56-674x1024.jpg\" alt=\"Christian Garros chronologie (56)\" width=\"443\" height=\"673\" srcset=\"http:\/\/bigbandgarros.fr\/wp-content\/uploads\/2014\/09\/Christian-Garros-chronologie-56-674x1024.jpg 674w, http:\/\/bigbandgarros.fr\/wp-content\/uploads\/2014\/09\/Christian-Garros-chronologie-56-197x300.jpg 197w, http:\/\/bigbandgarros.fr\/wp-content\/uploads\/2014\/09\/Christian-Garros-chronologie-56.jpg 1027w\" sizes=\"auto, (max-width: 443px) 100vw, 443px\" \/><\/a><\/p>\n","protected":false},"excerpt":{"rendered":"<p>\u00a0\u00a0\u00a0\u00a0 C\u2019est en 1978 que, d\u00e9crochant son plus beau t\u00e9l\u00e9phone, Christian Garros donna vie au Big Band qui porte aujourd\u2019hui son nom\u2026<\/p>\n","protected":false},"author":1,"featured_media":0,"parent":0,"menu_order":3,"comment_status":"closed","ping_status":"closed","template":"","meta":{"footnotes":""},"class_list":["post-27","page","type-page","status-publish","hentry"],"_links":{"self":[{"href":"http:\/\/bigbandgarros.fr\/index.php?rest_route=\/wp\/v2\/pages\/27","targetHints":{"allow":["GET"]}}],"collection":[{"href":"http:\/\/bigbandgarros.fr\/index.php?rest_route=\/wp\/v2\/pages"}],"about":[{"href":"http:\/\/bigbandgarros.fr\/index.php?rest_route=\/wp\/v2\/types\/page"}],"author":[{"embeddable":true,"href":"http:\/\/bigbandgarros.fr\/index.php?rest_route=\/wp\/v2\/users\/1"}],"replies":[{"embeddable":true,"href":"http:\/\/bigbandgarros.fr\/index.php?rest_route=%2Fwp%2Fv2%2Fcomments&post=27"}],"version-history":[{"count":7,"href":"http:\/\/bigbandgarros.fr\/index.php?rest_route=\/wp\/v2\/pages\/27\/revisions"}],"predecessor-version":[{"id":238,"href":"http:\/\/bigbandgarros.fr\/index.php?rest_route=\/wp\/v2\/pages\/27\/revisions\/238"}],"wp:attachment":[{"href":"http:\/\/bigbandgarros.fr\/index.php?rest_route=%2Fwp%2Fv2%2Fmedia&parent=27"}],"curies":[{"name":"wp","href":"https:\/\/api.w.org\/{rel}","templated":true}]}}